{"id":27176,"date":"2025-12-08T09:18:37","date_gmt":"2025-12-08T08:18:37","guid":{"rendered":"https:\/\/www.hotel-valthorens.com\/?page_id=27176"},"modified":"2025-12-16T09:43:21","modified_gmt":"2025-12-16T08:43:21","slug":"nos-services","status":"publish","type":"page","link":"https:\/\/www.hotel-valthorens.com\/index.php\/nos-services\/","title":{"rendered":"Nos Services"},"content":{"rendered":"\n<p><strong>HOTEL VAL CHAVIERE<\/strong><strong> &nbsp;&nbsp; Guide des services \/ Room Directory<\/strong><\/p>\n\n\n\n<p>140 rue de la Lombarde<\/p>\n\n\n\n<p>Val Thorens<\/p>\n\n\n\n<p>73440 LES BELLEVILLE<\/p>\n\n\n\n<p>France<\/p>\n\n\n\n<p>T&nbsp;: (33) 04 79 00 00 33<\/p>\n\n\n\n<p><\/p>\n\n\n\n<p><\/p>\n\n\n\n<p><strong>Office du Tourisme \/ <em>Office of Tourism<\/em>&nbsp; <\/strong>818 Grande Rue \u2013 73440 Les Belleville T&nbsp;: (33) 04 79 00 08 08<\/p>\n\n\n\n<p>Acc\u00e8s pi\u00e9ton \/ pedestrian access &nbsp;&nbsp;&nbsp;&nbsp;&nbsp;&nbsp;&nbsp;&nbsp;&nbsp;&nbsp;&nbsp;&nbsp;&nbsp;&nbsp;&nbsp;&nbsp;&nbsp;&nbsp;&nbsp;&nbsp;&nbsp;&nbsp;&nbsp;&nbsp;&nbsp;&nbsp; Place de Caron<\/p>\n\n\n\n<p><strong>T\u00e9l\u00e9phone interne de l\u2019h\u00f4tel \/ <em>In house telephone numbers<\/em><\/strong><\/p>\n\n\n\n<p>R\u00e9ception \/ Reception &nbsp;&nbsp;&nbsp;&nbsp;&nbsp;&nbsp;&nbsp;&nbsp;&nbsp;&nbsp;&nbsp;&nbsp;&nbsp;&nbsp;&nbsp;&nbsp;&nbsp;&nbsp;&nbsp;&nbsp;&nbsp;&nbsp;&nbsp;&nbsp;&nbsp;&nbsp;&nbsp;&nbsp;&nbsp;&nbsp;&nbsp;&nbsp;&nbsp;&nbsp;&nbsp;&nbsp;&nbsp;&nbsp;&nbsp;&nbsp;&nbsp;&nbsp;&nbsp;&nbsp;&nbsp; 9<\/p>\n\n\n\n<p>R\u00e9veil \/ Alarm clock&nbsp;&nbsp;&nbsp;&nbsp;&nbsp;&nbsp;&nbsp;&nbsp;&nbsp;&nbsp;&nbsp;&nbsp;&nbsp;&nbsp;&nbsp;&nbsp;&nbsp;&nbsp;&nbsp;&nbsp;&nbsp;&nbsp;&nbsp;&nbsp;&nbsp;&nbsp;&nbsp;&nbsp;&nbsp;&nbsp;&nbsp;&nbsp;&nbsp;&nbsp;&nbsp;&nbsp;&nbsp;&nbsp;&nbsp;&nbsp;&nbsp;&nbsp;&nbsp;&nbsp;&nbsp;&nbsp;&nbsp;&nbsp;&nbsp;&nbsp;&nbsp;&nbsp;&nbsp;&nbsp;&nbsp;&nbsp;&nbsp;&nbsp;&nbsp;&nbsp;&nbsp;&nbsp;&nbsp;&nbsp;&nbsp;&nbsp; 7<\/p>\n\n\n\n<p>Num\u00e9ros d\u2019urgence \/ Emergency numbers<\/p>\n\n\n\n<p>Pompiers \/ Fire department&nbsp;&nbsp;&nbsp;&nbsp;&nbsp;&nbsp;&nbsp;&nbsp;&nbsp;&nbsp;&nbsp;&nbsp;&nbsp;&nbsp;&nbsp;&nbsp;&nbsp;&nbsp;&nbsp;&nbsp;&nbsp;&nbsp;&nbsp;&nbsp;&nbsp;&nbsp;&nbsp;&nbsp;&nbsp;&nbsp;&nbsp;&nbsp;&nbsp;&nbsp;&nbsp;&nbsp;&nbsp;&nbsp;&nbsp;&nbsp;&nbsp;&nbsp;&nbsp;&nbsp;&nbsp;&nbsp;&nbsp;&nbsp;&nbsp;&nbsp;&nbsp;&nbsp; 18<\/p>\n\n\n\n<p>Samu \/ Medical emergency&nbsp;&nbsp;&nbsp;&nbsp;&nbsp;&nbsp;&nbsp;&nbsp;&nbsp;&nbsp;&nbsp;&nbsp;&nbsp;&nbsp;&nbsp;&nbsp;&nbsp;&nbsp;&nbsp;&nbsp;&nbsp;&nbsp;&nbsp;&nbsp;&nbsp;&nbsp;&nbsp;&nbsp;&nbsp;&nbsp;&nbsp;&nbsp;&nbsp;&nbsp;&nbsp;&nbsp;&nbsp;&nbsp;&nbsp;&nbsp;&nbsp;&nbsp;&nbsp;&nbsp;&nbsp;&nbsp;&nbsp;&nbsp;&nbsp;&nbsp;&nbsp;&nbsp; 15<\/p>\n\n\n\n<p><strong>Alarme \u2013 incendie<\/strong><\/p>\n\n\n\n<p>Si l\u2019alarme d\u2019\u00e9vacuation en cas d\u2019incendie de l\u2019h\u00f4tel retentit, vous \u00eates pri\u00e9s de quitter l\u2019h\u00f4tel en empruntant l\u2019escalier ou la sortie de secours la plus proche<\/p>\n\n\n\n<p><strong>Instructions en cas d\u2019incendie<\/strong><\/p>\n\n\n\n<p>Veuillez lire les consignes \u00e0 respecter en cas d\u2019incendie qui sont affich\u00e9es sur la porte de votre chambre. Elles illustrent clairement l\u2019emplacement de votre chambre et l\u2019emplacement de l\u2019escalier ou de la sortie de secours<\/p>\n\n\n\n<p>Si vous d\u00e9couvrez un incendie, restez calme et d\u00e9clenchez l\u2019alarme en brisant la vitre du poste d\u2019alarme d\u2019incendie le plus proche. Fermez la porte de votre chambre lorsque vous \u00e9vacuez l\u2019h\u00f4tel en empruntant l\u2019escalier ou la sortie de secours. N\u2019utilisez pas les ascenseurs.<\/p>\n\n\n\n<p><strong>Cl\u00e9<\/strong><\/p>\n\n\n\n<p>Vous acc\u00e9dez \u00e0 votre chambre au moyen d\u2019une carte. Conservez la bien tout au long de votre s\u00e9jour ou d\u00e9posez-la \u00e0 la r\u00e9ception si vous quittez votre chambre.<\/p>\n\n\n\n<p>Au moment du d\u00e9part, merci de rendre votre cl\u00e9 dans son \u00e9tui \u00e0 la r\u00e9ception.<\/p>\n\n\n\n<p><strong>Garage<\/strong><\/p>\n\n\n\n<p>Nous conservons les cl\u00e9s de chaque v\u00e9hicule stationn\u00e9 dans notre garage \u00e0 la r\u00e9ception. Les sorties \/ entr\u00e9es sont donc soumises aux horaires de la r\u00e9ception (8 h \u2013 22 h). L\u2019entr\u00e9e de notre garage est limit\u00e9e \u00e0 2m de haut. Un voiturier peut vous aider \u00e0 garer votre voiture.<\/p>\n\n\n\n<p><strong>Coffre<\/strong><\/p>\n\n\n\n<p>Dispos\u00e9 dans le placard de votre chambre, nous vous conseillons de l&rsquo;utiliser pour vos objets de valeur. Pour le fermer, pousser la porte, taper sur le clavier num\u00e9rique 4 chiffres de votre choix puis appuyer sur le bouton \u00ab&nbsp;Lock&nbsp;\u00bb. Ensuite pour l\u2019ouvrir, taper les 4 chiffres choisis, le coffre se d\u00e9verrouillera. L&rsquo;ensemble des objets que vous pourrez y disposer est sous votre enti\u00e8re responsabilit\u00e9. Nous d\u00e9clinons toute responsabilit\u00e9 en cas de perte ou de vol.<\/p>\n\n\n\n<p><strong>M\u00e9decin<\/strong><\/p>\n\n\n\n<p>Pour tout besoin d\u2019assistance m\u00e9dicale, merci de contacter la r\u00e9ception. Veuillez noter qu\u2019\u00e0 Val Thorens, les m\u00e9decins ne se d\u00e9placent qu\u2019en cas d\u2019urgence vitale. Pour toute blessure r\u00e9sultant de la pratique d\u2019un sport, vous pouvez vous rendre directement \u00e0 la maison m\u00e9dicale situ\u00e9e Place du Slalom \u00e0 Val Thorens. En cas de maladie, les m\u00e9decins ne re\u00e7oivent que sur rendez-vous au 04 79 00 00 37.<\/p>\n\n\n\n<p>Une trousse de premier secours est disponible \u00e0 la r\u00e9ception.<\/p>\n\n\n\n<p><strong>Pharmacie<\/strong><\/p>\n\n\n\n<p>La pharmacie de Val Thorens est situ\u00e9e dans la Galerie commerciale de P\u00e9clet, elle est ouverte 7\/7 de 9h \u00e0 19h. L\u2019h\u00f4tel n\u2019est pas habilit\u00e9 \u00e0 d\u00e9livrer des m\u00e9dicaments. N&rsquo;h\u00e9sitez pas \u00e0 contacter la r\u00e9ception.<\/p>\n\n\n\n<p><strong>Jeux<\/strong><\/p>\n\n\n\n<p>Un billard est \u00e0 votre disposition dans un espace jeux situ\u00e9 derri\u00e8re la r\u00e9ception, deux pi\u00e8ces de 1\u20ac sont n\u00e9cessaire pour faire une partie. Des jeux de soci\u00e9t\u00e9s et de cartes sont \u00e0 votre disposition au bar, n\u2019h\u00e9sitez pas \u00e0 les demander au barman ou \u00e0 la r\u00e9ception.<\/p>\n\n\n\n<p><strong>Restaurant&nbsp;:<\/strong><\/p>\n\n\n\n<p>Situ\u00e9 au m\u00eame niveau que l\u2019accueil, notre restaurant vous accueille tous les jours pour le petit d\u00e9jeuner, sous la forme d\u2019un buffet de 8 h \u00e0 10 h, et pour le d\u00eener de 19 h 30 \u00e0 21 h, le menu est affich\u00e9 chaque matin \u00e0 l\u2019entr\u00e9e du restaurant. Si le diner n\u2019est pas inclus dans le tarif de la r\u00e9servation et que vous souhaitez diner \u00e0 l\u2019h\u00f4tel, nous vous demandons de pr\u00e9venir la r\u00e9ception au plus tard \u00e0 17h le jour m\u00eame, le diner est factur\u00e9 45 \u20ac par personne. Pour les diners des f\u00eates de fin d\u2019ann\u00e9e, la r\u00e9servation doit \u00eatre faite au moins 36h en avance et le tarif de ces repas de f\u00eates est de 65 \u20ac par personne.<\/p>\n\n\n\n<p>Vous pouvez vous faire servir un petit d\u00e9jeuner continental dans votre chambre, en pr\u00e9venant la r\u00e9ception la veille, le petit d\u00e9jeuner continental est compos\u00e9 d\u2019une boisson chaude, un jus de fruit, un yaourt nature ou au fruit, un morceau de pain, une viennoiserie, beurre et confiture.<\/p>\n\n\n\n<p><strong>Bar&nbsp;:<\/strong><\/p>\n\n\n\n<p>Notre bar est ouvert de 8 h \u00e0 23 h, vous pourrez y d\u00e9guster un vaste choix de boissons et de cocktails, et appr\u00e9cier la magnifique vue de notre terrasse orient\u00e9e plein sud.<\/p>\n\n\n\n<p><\/p>\n\n\n\n<p><strong>Arriv\u00e9e<\/strong><\/p>\n\n\n\n<p>Les chambres sont disponibles \u00e0 partir de 15 heures.<\/p>\n\n\n\n<p><strong>D\u00e9part<\/strong><\/p>\n\n\n\n<p>Nous vous prions de bien vouloir lib\u00e9rer votre chambre avant 12 heures. La non-lib\u00e9ration de la chambre avant midi entra\u00eenera la facturation d\u2019une nuit suppl\u00e9mentaire.<\/p>\n\n\n\n<p>Cr\u00e9dit<\/p>\n\n\n\n<p>Nous acceptons les cartes de cr\u00e9dits suivantes : Carte Bleue, Diners Club, Eurocard\/Mastercard, Visa, Mae<\/p>\n\n\n\n<p>Les r\u00e8glements par ch\u00e8que ne sont pas accept\u00e9s.<\/p>\n\n\n\n<p>La r\u00e9ception peut vous r\u00e9clamer un r\u00e8glement si le montant de votre note d\u00e9passe plus de 500 \u20ac.<\/p>\n\n\n\n<p>Enfants<\/p>\n\n\n\n<p>Nous vous proposons des services adapt\u00e9s aux familles : mise \u00e0 disposition de lits b\u00e9b\u00e9, chauffe-biberons, chaises-hautes, matelas \u00e0 langer, n\u2019h\u00e9sitez pas \u00e0 contacter la r\u00e9ception.<\/p>\n\n\n\n<p><strong>Passage de l\u2019\u00e9quipe pour le nettoyage de quotidien de votre chambre&nbsp;:<\/strong><\/p>\n\n\n\n<p>Si vous ne voulez pas \u00eatre d\u00e9rang\u00e9s par l\u2019\u00e9quipe en charge du nettoyage des chambres, veuillez mettre sur la porte le panonceau \u00ab Ne pas d\u00e9ranger \u00bb. Apr\u00e8s 15 h, il ne sera plus possible d\u2019avoir un passage pour le nettoyage de votre chambre. Vous pourrez vous rapprocher de la r\u00e9ception pour un changement de serviettes.<\/p>\n\n\n\n<p><strong>Articles de toilette<\/strong><\/p>\n\n\n\n<p>Vous avez oubli\u00e9 un article de toilette ? Un n\u00e9cessaire d\u2019hygi\u00e8ne est \u00e0 votre disposition sur demande \u00e0 la r\u00e9ception. Besoin de linge, de couvertures suppl\u00e9mentaires ? Contactez la r\u00e9ception.<\/p>\n\n\n\n<p><strong>Repassage<\/strong><\/p>\n\n\n\n<p>Une table ainsi qu\u2019un fer \u00e0 repasser sont disponible, et sont \u00e0 demander \u00e0 la r\u00e9ception.<\/p>\n\n\n\n<p><strong>Couture<\/strong><\/p>\n\n\n\n<p>Une boite \u00e0 couture est \u00e0 votre disposition \u00e0 la r\u00e9ception.<\/p>\n\n\n\n<p><strong>Electricit\u00e9<\/strong><\/p>\n\n\n\n<p>220 Volts \u2013 50 hz. Vous trouverez une prise pour rasoir \u00e9lectrique de 220 volts dans votre salle de bains.<\/p>\n\n\n\n<p>Des adaptateurs sont \u00e0 votre disposition \u00e0 la r\u00e9ception.<\/p>\n\n\n\n<p><strong>Service technique \/ maintenance<\/strong><\/p>\n\n\n\n<p>Nous esp\u00e9rons que votre chambre vous donnera enti\u00e8re satisfaction. Si au cours de votre s\u00e9jour, vous avez constat\u00e9 un dysfonctionnement quelconque, nous vous prions de le communiquer \u00e0 la r\u00e9ception qui vous enverra rapidement un membre de l&rsquo;\u00e9quipe d&rsquo;entretien (dans la limite des heures ouvr\u00e9es).<\/p>\n\n\n\n<p><strong>Animaux<\/strong><\/p>\n\n\n\n<p>Les animaux sont admis gracieusement dans les chambres de l\u2019h\u00f4tel, ils ne sont pas admis dans le bar et le restaurant pour des raisons d&rsquo;hygi\u00e8ne. En cas de d\u00e9g\u00e2ts, les dommages caus\u00e9s vous seront factur\u00e9s.<\/p>\n\n\n\n<p><strong>Ascenseurs<\/strong><\/p>\n\n\n\n<p>Ne laissez pas les enfants utiliser les ascenseurs. Cela pourrait \u00eatre dangereux.<\/p>\n\n\n\n<p><strong>Courrier \/ message<\/strong><\/p>\n\n\n\n<p>Tous les courriers, colis et messages re\u00e7us seront gard\u00e9s \u00e0 la r\u00e9ception. N\u2019h\u00e9sitez pas \u00e0 les r\u00e9clamer. Vous pouvez poster des lettres, cartes postales \u00e0 la r\u00e9ception<\/p>\n\n\n\n<p><strong>Photocopies<\/strong><\/p>\n\n\n\n<p>La r\u00e9ception est \u00e0 votre disposition 24h\/24h si vous souhaitez des photocopies. Les frais peuvent \u00eatre ajout\u00e9s sur votre note d\u2019h\u00f4tel.<\/p>\n\n\n\n<p><strong>Acc\u00e8s Wifi gratuit<\/strong><\/p>\n\n\n\n<p>L&rsquo;acc\u00e8s au r\u00e9seau wifi de l&rsquo;h\u00f4tel est gratuit. Il suffit de s\u00e9lectionner le r\u00e9seau H\u00f4tel Val Chavi\u00e8re dans vos param\u00e8tres, le mot de passe est\u00a0\u00e0 demander \u00e0 la r\u00e9ception.<\/p>\n\n\n\n<p><\/p>\n\n\n\n<p><strong>Environnement, diversit\u00e9<\/strong><\/p>\n\n\n\n<p>Ensemble, prot\u00e9geons notre environnement.<\/p>\n\n\n\n<p>Pensez aux tonnes de serviettes de toilette lav\u00e9es chaque jour inutilement dans les h\u00f4tels du monde entier et aux \u00e9normes quantit\u00e9s de d\u00e9tergent qui polluent ainsi un peu plus notre eau :<\/p>\n\n\n\n<p>&#8211; mettre vos serviettes dans la baignoire signifie : \u00ab Veuillez les changer \u00bb<\/p>\n\n\n\n<p>&#8211; les remettre sur le porte-serviettes signifie : \u00ab Je souhaite les utiliser \u00e0 nouveau \u00bb<\/p>\n\n\n\n<p>Avant de quitter votre chambre, pensez \u00e0 bien fermer les fen\u00eatres, \u00e9teindre votre t\u00e9l\u00e9viseur et les \u00e9clairages. Nous vous remercions pour ces gestes participatifs au d\u00e9veloppement durable.<\/p>\n\n\n\n<p>Diminuez la pollution de l\u2019air et partez \u00e0 la d\u00e9couverte de la vall\u00e9e des Belleville gr\u00e2ce aux navettes gratuites qui circulent entre Saint-Martin-de-Belleville, Les M\u00e9nuires et Val Thorens, les horaires sont disponibles \u00e0 la r\u00e9ception.<\/p>\n\n\n\n<p><strong>Service religieux<\/strong><\/p>\n\n\n\n<p>Veuillez consulter la r\u00e9ception ou composer le 9.<\/p>\n\n\n\n<p><strong>Taxi<\/strong><\/p>\n\n\n\n<p>Contactez la r\u00e9ception pour votre demande (t\u00e9l. 9). Les taxis sont des prestataires ext\u00e9rieurs et non partenaires de l&rsquo;h\u00f4tel ; nous ne pouvons garantir leur disponibilit\u00e9.<\/p>\n\n\n\n<p>Afin de respecter le repos de tous, nous prions de garder le silence dans les couloirs apr\u00e8s 23 heures.<\/p>\n\n\n\n<p>L\u2019h\u00f4tel est 100 % non-fumeur, en cas de manquement \u00e0 cette r\u00e8gle les frais de nettoyage et de d\u00e9sodorisation de la chambre (150 \u20ac) vous seront factur\u00e9s.<\/p>\n\n\n\n<p>Le client est responsable de l\u2019ensemble des dommages caus\u00e9s et s\u2019engage, en cas de d\u00e9gradation des lieux mis \u00e0 disposition, \u00e0 supporter les co\u00fbts de remise en \u00e9tat de ces lieux et assumera le cas \u00e9ch\u00e9ant les pr\u00e9judices au prorata des frais et pertes de chiffres d\u2019affaires li\u00e9s \u00e0 l\u2019immobilisation.<\/p>\n\n\n\n<p>Pour le bien-\u00eatre de tous, veillez \u00e0 ce que vos animaux ne causent pas de nuisances sonores. Pour des raisons d&rsquo;hygi\u00e8ne, ne les laissez pas d\u00e9f\u00e9quer sur les terrasses et les abords de l&rsquo;h\u00f4tel. En cas de constat dans les zones urbaines, l&rsquo;h\u00f4tel se r\u00e9serve le droit de facturer un montant de 135 \u20ac.<\/p>\n\n\n\n<p>Frais annexes :<\/p>\n\n\n\n<p>&#8211; Taxe de s\u00e9jour (par personne et par nuit) 1,87 \u20ac<\/p>\n\n\n\n<p><\/p>\n","protected":false},"excerpt":{"rendered":"<p>HOTEL VAL CHAVIERE &nbsp;&nbsp; Guide des services \/ Room Directory 140 rue de la Lombarde Val Thorens 73440 LES BELLEVILLE France T&nbsp;: (33) 04 79 00 00 33 Office du Tourisme \/ Office of Tourism&nbsp; 818 Grande Rue \u2013 73440 Les Belleville T&nbsp;: (33) 04 79 00 08 08 Acc\u00e8s pi\u00e9ton \/ pedestrian access &nbsp;&nbsp;&nbsp;&nbsp;&nbsp;&nbsp;&nbsp;&nbsp;&nbsp;&nbsp;&nbsp;&nbsp;&nbsp;&nbsp;&nbsp;&nbsp;&nbsp;&nbsp;&nbsp;&nbsp;&nbsp;&nbsp;&nbsp;&nbsp;&nbsp;&nbsp;<\/p>\n","protected":false},"author":1,"featured_media":0,"parent":0,"menu_order":0,"comment_status":"closed","ping_status":"closed","template":"","meta":{"footnotes":""},"class_list":["post-27176","page","type-page","status-publish","hentry"],"_links":{"self":[{"href":"https:\/\/www.hotel-valthorens.com\/index.php\/wp-json\/wp\/v2\/pages\/27176","targetHints":{"allow":["GET"]}}],"collection":[{"href":"https:\/\/www.hotel-valthorens.com\/index.php\/wp-json\/wp\/v2\/pages"}],"about":[{"href":"https:\/\/www.hotel-valthorens.com\/index.php\/wp-json\/wp\/v2\/types\/page"}],"author":[{"embeddable":true,"href":"https:\/\/www.hotel-valthorens.com\/index.php\/wp-json\/wp\/v2\/users\/1"}],"replies":[{"embeddable":true,"href":"https:\/\/www.hotel-valthorens.com\/index.php\/wp-json\/wp\/v2\/comments?post=27176"}],"version-history":[{"count":3,"href":"https:\/\/www.hotel-valthorens.com\/index.php\/wp-json\/wp\/v2\/pages\/27176\/revisions"}],"predecessor-version":[{"id":27183,"href":"https:\/\/www.hotel-valthorens.com\/index.php\/wp-json\/wp\/v2\/pages\/27176\/revisions\/27183"}],"wp:attachment":[{"href":"https:\/\/www.hotel-valthorens.com\/index.php\/wp-json\/wp\/v2\/media?parent=27176"}],"curies":[{"name":"wp","href":"https:\/\/api.w.org\/{rel}","templated":true}]}}