{"id":25732,"date":"2023-12-14T13:51:50","date_gmt":"2023-12-14T12:51:50","guid":{"rendered":"https:\/\/www.hotel-valthorens.com\/?page_id=25732"},"modified":"2025-05-02T10:25:12","modified_gmt":"2025-05-02T08:25:12","slug":"les-chambres","status":"publish","type":"page","link":"https:\/\/www.hotel-valthorens.com\/index.php\/les-chambres\/","title":{"rendered":"Les chambres"},"content":{"rendered":"\t\t<div data-elementor-type=\"wp-page\" data-elementor-id=\"25732\" class=\"elementor elementor-25732\">\n\t\t\t\t<div class=\"elementor-element elementor-element-57ddbc9f e-con-full e-flex e-con e-child\" data-id=\"57ddbc9f\" data-element_type=\"container\">\n\t\t\t\t<\/div>\n\t\t<div class=\"elementor-element elementor-element-26fb02a e-con-full e-flex e-con e-parent\" data-id=\"26fb02a\" data-element_type=\"container\" data-settings=\"{&quot;background_background&quot;:&quot;classic&quot;}\">\n\t\t\t\t<div class=\"elementor-element elementor-element-b3fa049 elementor-widget elementor-widget-text-editor\" data-id=\"b3fa049\" data-element_type=\"widget\" data-widget_type=\"text-editor.default\">\n\t\t\t\t<div class=\"elementor-widget-container\">\n\t\t\t\t\t\t\t\t\t<p style=\"color: white; font-size: 30px; text-align: center;\">A chaque chambre correspond un casier \u00e0 ski dans le local \u00e0 skis, avec acc\u00e8s direct aux pistes.<\/p>\t\t\t\t\t\t\t\t<\/div>\n\t\t\t\t<\/div>\n\t\t\t\t<\/div>\n\t\t<div class=\"elementor-element elementor-element-c26dc8e e-flex e-con-boxed e-con e-parent\" data-id=\"c26dc8e\" data-element_type=\"container\">\n\t\t\t\t\t<div class=\"e-con-inner\">\n\t\t\t\t\t<\/div>\n\t\t\t\t<\/div>\n\t\t<div class=\"elementor-element elementor-element-2caa444 e-flex e-con-boxed e-con e-parent\" data-id=\"2caa444\" data-element_type=\"container\">\n\t\t\t\t\t<div class=\"e-con-inner\">\n\t\t<div class=\"elementor-element elementor-element-fcaca36 e-con-full e-flex e-con e-child\" data-id=\"fcaca36\" data-element_type=\"container\">\n\t\t\t\t<div class=\"elementor-element elementor-element-a034a1e elementor-widget elementor-widget-heading\" data-id=\"a034a1e\" data-element_type=\"widget\" data-widget_type=\"heading.default\">\n\t\t\t\t<div class=\"elementor-widget-container\">\n\t\t\t\t\t<h2 class=\"elementor-heading-title elementor-size-default\">Chambres 2\/3 Personnes<\/h2>\t\t\t\t<\/div>\n\t\t\t\t<\/div>\n\t\t\t\t<div class=\"elementor-element elementor-element-9e506fb elementor-widget elementor-widget-text-editor\" data-id=\"9e506fb\" data-element_type=\"widget\" data-widget_type=\"text-editor.default\">\n\t\t\t\t<div class=\"elementor-widget-container\">\n\t\t\t\t\t\t\t\t\t<ul><li><ul><li><strong>Les chambres doubles sont \u00e9quip\u00e9es :<\/strong><br \/>&#8211; D&rsquo;un grand lit de 160&#215;200 cm ou de deux lits 90&#215;200 cm<br \/>&#8211; Salle de bains avec WC s\u00e9par\u00e9s<br \/>&#8211; T\u00e9l\u00e9vision satellite<br \/>&#8211; T\u00e9l\u00e9phone, Coffre-fort gratuit<br \/>&#8211; Balcon<br \/>&#8211; Surface d&rsquo;environ 17m\u00b2<\/li><li><strong>Les chambres triples sont \u00e9quip\u00e9es :<\/strong><\/li><\/ul><p class=\"\" data-start=\"0\" data-end=\"125\">Dans nos chambres pour trois personnes, vous trouverez un lit suppl\u00e9mentaire de 80&#215;190 cm, situ\u00e9 dans l&rsquo;entr\u00e9e de la chambre. Elles sont \u00e9quip\u00e9es de la m\u00eame mani\u00e8re que les chambres doubles.<\/p><p class=\"\" data-start=\"127\" data-end=\"336\">La superficie totale de la chambre est d&rsquo;environ 18 m\u00b2. Ces chambres sont g\u00e9n\u00e9ralement adapt\u00e9es pour deux adultes et un enfant, ou pour trois enfants, car elles peuvent \u00eatre un peu \u00e9troites pour trois adultes.<\/p><\/li><\/ul>\t\t\t\t\t\t\t\t<\/div>\n\t\t\t\t<\/div>\n\t\t\t\t<\/div>\n\t\t<div class=\"elementor-element elementor-element-0d9d8db e-con-full e-flex e-con e-child\" data-id=\"0d9d8db\" data-element_type=\"container\">\n\t\t\t\t<div class=\"elementor-element elementor-element-85cede5 line-shape elementor-widget elementor-widget-image\" data-id=\"85cede5\" data-element_type=\"widget\" data-widget_type=\"image.default\">\n\t\t\t\t<div class=\"elementor-widget-container\">\n\t\t\t\t\t\t\t\t\t\t\t\t\t\t\t<img fetchpriority=\"high\" decoding=\"async\" width=\"400\" height=\"600\" src=\"https:\/\/www.hotel-valthorens.com\/wp-content\/uploads\/2024\/02\/Design-sans-titre.png\" class=\"attachment-full size-full wp-image-26373\" alt=\"\" \/>\t\t\t\t\t\t\t\t\t\t\t\t\t\t\t<\/div>\n\t\t\t\t<\/div>\n\t\t\t\t<\/div>\n\t\t<div class=\"elementor-element elementor-element-d984f25 e-con-full e-flex e-con e-child\" data-id=\"d984f25\" data-element_type=\"container\">\n\t\t\t\t<div class=\"elementor-element elementor-element-2d9d682 line-shape elementor-widget__width-initial elementor-widget elementor-widget-image\" data-id=\"2d9d682\" data-element_type=\"widget\" data-widget_type=\"image.default\">\n\t\t\t\t<div class=\"elementor-widget-container\">\n\t\t\t\t\t\t\t\t\t\t\t\t\t\t\t<img decoding=\"async\" width=\"2560\" height=\"1707\" src=\"https:\/\/www.hotel-valthorens.com\/wp-content\/uploads\/2025\/04\/1P3A7273-scaled.jpg\" class=\"attachment-full size-full wp-image-26602\" alt=\"\" srcset=\"https:\/\/www.hotel-valthorens.com\/wp-content\/uploads\/2025\/04\/1P3A7273-scaled.jpg 2560w, https:\/\/www.hotel-valthorens.com\/wp-content\/uploads\/2025\/04\/1P3A7273-768x512.jpg 768w, https:\/\/www.hotel-valthorens.com\/wp-content\/uploads\/2025\/04\/1P3A7273-1536x1024.jpg 1536w, https:\/\/www.hotel-valthorens.com\/wp-content\/uploads\/2025\/04\/1P3A7273-2048x1365.jpg 2048w\" sizes=\"(max-width: 2560px) 100vw, 2560px\" \/>\t\t\t\t\t\t\t\t\t\t\t\t\t\t\t<\/div>\n\t\t\t\t<\/div>\n\t\t\t\t<\/div>\n\t\t<div class=\"elementor-element elementor-element-57f7590 e-con-full e-flex e-con e-child\" data-id=\"57f7590\" data-element_type=\"container\">\n\t\t\t\t<div class=\"elementor-element elementor-element-fd21c2c line-shape elementor-widget elementor-widget-image\" data-id=\"fd21c2c\" data-element_type=\"widget\" data-widget_type=\"image.default\">\n\t\t\t\t<div class=\"elementor-widget-container\">\n\t\t\t\t\t\t\t\t\t\t\t\t\t\t\t<img decoding=\"async\" width=\"2560\" height=\"1707\" src=\"https:\/\/www.hotel-valthorens.com\/wp-content\/uploads\/2025\/04\/1P3A7241-scaled.jpg\" class=\"attachment-full size-full wp-image-26601\" alt=\"\" srcset=\"https:\/\/www.hotel-valthorens.com\/wp-content\/uploads\/2025\/04\/1P3A7241-scaled.jpg 2560w, https:\/\/www.hotel-valthorens.com\/wp-content\/uploads\/2025\/04\/1P3A7241-768x512.jpg 768w, https:\/\/www.hotel-valthorens.com\/wp-content\/uploads\/2025\/04\/1P3A7241-1536x1024.jpg 1536w, https:\/\/www.hotel-valthorens.com\/wp-content\/uploads\/2025\/04\/1P3A7241-2048x1365.jpg 2048w\" sizes=\"(max-width: 2560px) 100vw, 2560px\" \/>\t\t\t\t\t\t\t\t\t\t\t\t\t\t\t<\/div>\n\t\t\t\t<\/div>\n\t\t\t\t<\/div>\n\t\t\t\t\t<\/div>\n\t\t\t\t<\/div>\n\t\t<div class=\"elementor-element elementor-element-cd62d85 e-flex e-con-boxed e-con e-parent\" data-id=\"cd62d85\" data-element_type=\"container\">\n\t\t\t\t\t<div class=\"e-con-inner\">\n\t\t\t\t\t<\/div>\n\t\t\t\t<\/div>\n\t\t<div class=\"elementor-element elementor-element-4f62cc4 e-flex e-con-boxed e-con e-parent\" data-id=\"4f62cc4\" data-element_type=\"container\">\n\t\t\t\t\t<div class=\"e-con-inner\">\n\t\t<div class=\"elementor-element elementor-element-2e03fbd e-con-full e-flex e-con e-child\" data-id=\"2e03fbd\" data-element_type=\"container\">\n\t\t\t\t<div class=\"elementor-element elementor-element-0a8f4b2 elementor-widget elementor-widget-heading\" data-id=\"0a8f4b2\" data-element_type=\"widget\" data-widget_type=\"heading.default\">\n\t\t\t\t<div class=\"elementor-widget-container\">\n\t\t\t\t\t<h2 class=\"elementor-heading-title elementor-size-default\">Chambres\nFamiliales<\/h2>\t\t\t\t<\/div>\n\t\t\t\t<\/div>\n\t\t\t\t<div class=\"elementor-element elementor-element-fc1e9ad elementor-widget elementor-widget-text-editor\" data-id=\"fc1e9ad\" data-element_type=\"widget\" data-widget_type=\"text-editor.default\">\n\t\t\t\t<div class=\"elementor-widget-container\">\n\t\t\t\t\t\t\t\t\t<ul><li data-start=\"0\" data-end=\"240\"><strong>Elles sont \u00e9quip\u00e9es:<\/strong><br \/>&#8211; Un lit queen-size (160&#215;200 cm) et un lit superpos\u00e9 avec deux couchages (80&#215;190 cm) dans la m\u00eame pi\u00e8ce<br \/>&#8211;\u00a0Une salle de bain avec toilettes s\u00e9par\u00e9es<br \/>&#8211;\u00a0 T\u00e9l\u00e9vision<br \/>&#8211; T\u00e9l\u00e9phone, coffre fort gratuit<br \/>&#8211; Superficie approximative : 25\u00a0m\u00b2<\/li><\/ul><p>Ces chambres conviennent g\u00e9n\u00e9ralement pour deux adultes et deux enfants.<\/p>\t\t\t\t\t\t\t\t<\/div>\n\t\t\t\t<\/div>\n\t\t\t\t<\/div>\n\t\t<div class=\"elementor-element elementor-element-5981be7 e-con-full e-flex e-con e-child\" data-id=\"5981be7\" data-element_type=\"container\">\n\t\t\t\t<div class=\"elementor-element elementor-element-c4b239d line-shape elementor-widget__width-initial elementor-widget elementor-widget-image\" data-id=\"c4b239d\" data-element_type=\"widget\" data-widget_type=\"image.default\">\n\t\t\t\t<div class=\"elementor-widget-container\">\n\t\t\t\t\t\t\t\t\t\t\t\t\t\t\t<img loading=\"lazy\" decoding=\"async\" width=\"1707\" height=\"2560\" src=\"https:\/\/www.hotel-valthorens.com\/wp-content\/uploads\/2025\/04\/1P3A7296-scaled.jpg\" class=\"attachment-full size-full wp-image-26603\" alt=\"\" srcset=\"https:\/\/www.hotel-valthorens.com\/wp-content\/uploads\/2025\/04\/1P3A7296-scaled.jpg 1707w, https:\/\/www.hotel-valthorens.com\/wp-content\/uploads\/2025\/04\/1P3A7296-768x1152.jpg 768w, https:\/\/www.hotel-valthorens.com\/wp-content\/uploads\/2025\/04\/1P3A7296-1024x1536.jpg 1024w, https:\/\/www.hotel-valthorens.com\/wp-content\/uploads\/2025\/04\/1P3A7296-1365x2048.jpg 1365w\" sizes=\"(max-width: 1707px) 100vw, 1707px\" \/>\t\t\t\t\t\t\t\t\t\t\t\t\t\t\t<\/div>\n\t\t\t\t<\/div>\n\t\t\t\t<\/div>\n\t\t<div class=\"elementor-element elementor-element-f4f5bb0 e-con-full e-flex e-con e-child\" data-id=\"f4f5bb0\" data-element_type=\"container\">\n\t\t\t\t<div class=\"elementor-element elementor-element-6de7009 line-shape elementor-widget elementor-widget-image\" data-id=\"6de7009\" data-element_type=\"widget\" data-widget_type=\"image.default\">\n\t\t\t\t<div class=\"elementor-widget-container\">\n\t\t\t\t\t\t\t\t\t\t\t\t\t\t\t<img loading=\"lazy\" decoding=\"async\" width=\"2560\" height=\"1707\" src=\"https:\/\/www.hotel-valthorens.com\/wp-content\/uploads\/2025\/04\/1P3A7297-scaled.jpg\" class=\"attachment-full size-full wp-image-26604\" alt=\"\" srcset=\"https:\/\/www.hotel-valthorens.com\/wp-content\/uploads\/2025\/04\/1P3A7297-scaled.jpg 2560w, https:\/\/www.hotel-valthorens.com\/wp-content\/uploads\/2025\/04\/1P3A7297-768x512.jpg 768w, https:\/\/www.hotel-valthorens.com\/wp-content\/uploads\/2025\/04\/1P3A7297-1536x1024.jpg 1536w, https:\/\/www.hotel-valthorens.com\/wp-content\/uploads\/2025\/04\/1P3A7297-2048x1365.jpg 2048w\" sizes=\"(max-width: 2560px) 100vw, 2560px\" \/>\t\t\t\t\t\t\t\t\t\t\t\t\t\t\t<\/div>\n\t\t\t\t<\/div>\n\t\t\t\t<\/div>\n\t\t<div class=\"elementor-element elementor-element-f757a4b e-con-full e-flex e-con e-child\" data-id=\"f757a4b\" data-element_type=\"container\">\n\t\t\t\t<div class=\"elementor-element elementor-element-f2b92b2 line-shape elementor-widget elementor-widget-image\" data-id=\"f2b92b2\" data-element_type=\"widget\" data-widget_type=\"image.default\">\n\t\t\t\t<div class=\"elementor-widget-container\">\n\t\t\t\t\t\t\t\t\t\t\t\t\t\t\t<img loading=\"lazy\" decoding=\"async\" width=\"2560\" height=\"1707\" src=\"https:\/\/www.hotel-valthorens.com\/wp-content\/uploads\/2025\/04\/1P3A7328-scaled.jpg\" class=\"attachment-full size-full wp-image-26605\" alt=\"\" srcset=\"https:\/\/www.hotel-valthorens.com\/wp-content\/uploads\/2025\/04\/1P3A7328-scaled.jpg 2560w, https:\/\/www.hotel-valthorens.com\/wp-content\/uploads\/2025\/04\/1P3A7328-768x512.jpg 768w, https:\/\/www.hotel-valthorens.com\/wp-content\/uploads\/2025\/04\/1P3A7328-1536x1024.jpg 1536w, https:\/\/www.hotel-valthorens.com\/wp-content\/uploads\/2025\/04\/1P3A7328-2048x1365.jpg 2048w\" sizes=\"(max-width: 2560px) 100vw, 2560px\" \/>\t\t\t\t\t\t\t\t\t\t\t\t\t\t\t<\/div>\n\t\t\t\t<\/div>\n\t\t\t\t<\/div>\n\t\t\t\t\t<\/div>\n\t\t\t\t<\/div>\n\t\t\t\t<\/div>\n\t\t","protected":false},"excerpt":{"rendered":"<p>A chaque chambre correspond un casier \u00e0 ski dans le local \u00e0 skis, avec acc\u00e8s direct aux pistes. Chambres 2\/3 Personnes Les chambres doubles sont \u00e9quip\u00e9es :&#8211; D&rsquo;un grand lit de 160&#215;200 cm ou de deux lits 90&#215;200 cm&#8211; Salle de bains avec WC s\u00e9par\u00e9s&#8211; T\u00e9l\u00e9vision satellite&#8211; T\u00e9l\u00e9phone, Coffre-fort gratuit&#8211; Balcon&#8211; Surface d&rsquo;environ 17m\u00b2 Les<\/p>\n","protected":false},"author":1,"featured_media":0,"parent":0,"menu_order":0,"comment_status":"closed","ping_status":"closed","template":"","meta":{"footnotes":""},"class_list":["post-25732","page","type-page","status-publish","hentry"],"_links":{"self":[{"href":"https:\/\/www.hotel-valthorens.com\/index.php\/wp-json\/wp\/v2\/pages\/25732","targetHints":{"allow":["GET"]}}],"collection":[{"href":"https:\/\/www.hotel-valthorens.com\/index.php\/wp-json\/wp\/v2\/pages"}],"about":[{"href":"https:\/\/www.hotel-valthorens.com\/index.php\/wp-json\/wp\/v2\/types\/page"}],"author":[{"embeddable":true,"href":"https:\/\/www.hotel-valthorens.com\/index.php\/wp-json\/wp\/v2\/users\/1"}],"replies":[{"embeddable":true,"href":"https:\/\/www.hotel-valthorens.com\/index.php\/wp-json\/wp\/v2\/comments?post=25732"}],"version-history":[{"count":101,"href":"https:\/\/www.hotel-valthorens.com\/index.php\/wp-json\/wp\/v2\/pages\/25732\/revisions"}],"predecessor-version":[{"id":26974,"href":"https:\/\/www.hotel-valthorens.com\/index.php\/wp-json\/wp\/v2\/pages\/25732\/revisions\/26974"}],"wp:attachment":[{"href":"https:\/\/www.hotel-valthorens.com\/index.php\/wp-json\/wp\/v2\/media?parent=25732"}],"curies":[{"name":"wp","href":"https:\/\/api.w.org\/{rel}","templated":true}]}}