{"id":21536,"date":"2022-08-26T12:18:14","date_gmt":"2022-08-26T12:18:14","guid":{"rendered":"https:\/\/elementor.zozothemes.com\/interiar\/home-copy\/"},"modified":"2025-12-08T09:17:49","modified_gmt":"2025-12-08T08:17:49","slug":"home","status":"publish","type":"page","link":"https:\/\/www.hotel-valthorens.com\/","title":{"rendered":"Home"},"content":{"rendered":"\t\t<div data-elementor-type=\"wp-page\" data-elementor-id=\"21536\" class=\"elementor elementor-21536\">\n\t\t\t\t<div class=\"elementor-element elementor-element-61eafa3 e-flex e-con-boxed e-con e-parent\" data-id=\"61eafa3\" data-element_type=\"container\">\n\t\t\t\t\t<div class=\"e-con-inner\">\n\t\t\t\t<div class=\"elementor-element elementor-element-b82b919 elementor-widget__width-initial elementor-widget elementor-widget-video\" data-id=\"b82b919\" data-element_type=\"widget\" data-settings=\"{&quot;video_type&quot;:&quot;hosted&quot;,&quot;autoplay&quot;:&quot;yes&quot;,&quot;mute&quot;:&quot;yes&quot;,&quot;loop&quot;:&quot;yes&quot;,&quot;controls&quot;:&quot;yes&quot;}\" data-widget_type=\"video.default\">\n\t\t\t\t<div class=\"elementor-widget-container\">\n\t\t\t\t\t\t\t<div class=\"e-hosted-video elementor-wrapper elementor-open-inline\">\n\t\t\t\t\t<video class=\"elementor-video\" src=\"https:\/\/www.hotel-valthorens.com\/wp-content\/uploads\/2025\/04\/video-output-69F2FE46-EAC8-42BE-B6E1-58FC0F1FF8F6-1.mov\" autoplay=\"\" loop=\"\" controls=\"\" muted=\"muted\" controlsList=\"nodownload\"><\/video>\n\t\t\t\t<\/div>\n\t\t\t\t\t\t<\/div>\n\t\t\t\t<\/div>\n\t\t\t\t\t<\/div>\n\t\t\t\t<\/div>\n\t\t<div class=\"elementor-element elementor-element-5d77a05 e-flex e-con-boxed e-con e-parent\" data-id=\"5d77a05\" data-element_type=\"container\">\n\t\t\t\t\t<div class=\"e-con-inner\">\n\t\t\t\t<div class=\"elementor-element elementor-element-d3f3c43 elementor-widget elementor-widget-heading\" data-id=\"d3f3c43\" data-element_type=\"widget\" data-widget_type=\"heading.default\">\n\t\t\t\t<div class=\"elementor-widget-container\">\n\t\t\t\t\t<h2 class=\"elementor-heading-title elementor-size-default\">Bienvenue !<\/h2>\t\t\t\t<\/div>\n\t\t\t\t<\/div>\n\t\t\t\t<div class=\"elementor-element elementor-element-c98beb8 elementor-widget elementor-widget-text-editor\" data-id=\"c98beb8\" data-element_type=\"widget\" data-widget_type=\"text-editor.default\">\n\t\t\t\t<div class=\"elementor-widget-container\">\n\t\t\t\t\t\t\t\t\t<p class=\"\" data-start=\"0\" data-end=\"87\">Enfilez vos skis directement depuis notre h\u00f4tel et commencez la journ\u00e9e sur les pistes.<\/p><p class=\"\" data-start=\"0\" data-end=\"87\">Acc\u00e9dez directement au plus grand domaine skiable du monde \u2013 Les 3 Vall\u00e9es.<\/p><p class=\"\" data-start=\"166\" data-end=\"248\">Glissez toute la journ\u00e9e et rentrez tranquillement chez vous au coucher du soleil.<\/p>\t\t\t\t\t\t\t\t<\/div>\n\t\t\t\t<\/div>\n\t\t\t\t\t<\/div>\n\t\t\t\t<\/div>\n\t\t<div class=\"elementor-element elementor-element-6099712 e-grid e-con-boxed e-con e-parent\" data-id=\"6099712\" data-element_type=\"container\">\n\t\t\t\t\t<div class=\"e-con-inner\">\n\t\t\t\t<div class=\"elementor-element elementor-element-5c653b1 elementor-position-top elementor-widget elementor-widget-image-box\" data-id=\"5c653b1\" data-element_type=\"widget\" data-widget_type=\"image-box.default\">\n\t\t\t\t<div class=\"elementor-widget-container\">\n\t\t\t\t\t<div class=\"elementor-image-box-wrapper\"><figure class=\"elementor-image-box-img\"><a href=\"https:\/\/www.hotel-valthorens.com\/index.php\/elementor-25677\/\" target=\"_blank\" tabindex=\"-1\"><img decoding=\"async\" src=\"https:\/\/www.hotel-valthorens.com\/wp-content\/uploads\/2025\/04\/E08A6417-1-scaled.jpg\" title=\"E08A6417\" alt=\"E08A6417\" loading=\"lazy\" \/><\/a><\/figure><div class=\"elementor-image-box-content\"><h3 class=\"elementor-image-box-title\"><a href=\"https:\/\/www.hotel-valthorens.com\/index.php\/elementor-25677\/\" target=\"_blank\">Notre H\u00f4tel<\/a><\/h3><p class=\"elementor-image-box-description\">Nous proposons 48 chambres au pied des pistes de ski de Val Thorens. Sortez de l\u2019h\u00f4tel et partez \u00e0 la d\u00e9couverte des 3 Vall\u00e9es, le plus grand domaine skiable du monde.<\/p><\/div><\/div>\t\t\t\t<\/div>\n\t\t\t\t<\/div>\n\t\t\t\t<div class=\"elementor-element elementor-element-f4b1e19 elementor-position-top elementor-widget elementor-widget-image-box\" data-id=\"f4b1e19\" data-element_type=\"widget\" data-widget_type=\"image-box.default\">\n\t\t\t\t<div class=\"elementor-widget-container\">\n\t\t\t\t\t<div class=\"elementor-image-box-wrapper\"><figure class=\"elementor-image-box-img\"><a href=\"https:\/\/www.hotel-valthorens.com\/index.php\/les-chambres\/\" target=\"_blank\" tabindex=\"-1\"><img decoding=\"async\" src=\"https:\/\/www.hotel-valthorens.com\/wp-content\/uploads\/2025\/04\/1P3A7273-scaled.jpg\" title=\"1P3A7273\" alt=\"1P3A7273\" loading=\"lazy\" \/><\/a><\/figure><div class=\"elementor-image-box-content\"><h3 class=\"elementor-image-box-title\"><a href=\"https:\/\/www.hotel-valthorens.com\/index.php\/les-chambres\/\" target=\"_blank\">Nos Chambres<\/a><\/h3><p class=\"elementor-image-box-description\">Nos chambres sont lumineuses, confortables et bien \u00e9quip\u00e9es. Elles peuvent accueillir aussi bien des personnes seules que des groupes jusqu\u2019\u00e0 4 personnes par chambre.<\/p><\/div><\/div>\t\t\t\t<\/div>\n\t\t\t\t<\/div>\n\t\t\t\t<div class=\"elementor-element elementor-element-341a9d3 elementor-position-top elementor-widget elementor-widget-image-box\" data-id=\"341a9d3\" data-element_type=\"widget\" data-widget_type=\"image-box.default\">\n\t\t\t\t<div class=\"elementor-widget-container\">\n\t\t\t\t\t<div class=\"elementor-image-box-wrapper\"><figure class=\"elementor-image-box-img\"><img fetchpriority=\"high\" decoding=\"async\" width=\"1707\" height=\"2560\" src=\"https:\/\/www.hotel-valthorens.com\/wp-content\/uploads\/2025\/04\/E08A6386-3-scaled.jpg\" class=\"attachment-full size-full wp-image-26718\" alt=\"\" srcset=\"https:\/\/www.hotel-valthorens.com\/wp-content\/uploads\/2025\/04\/E08A6386-3-scaled.jpg 1707w, https:\/\/www.hotel-valthorens.com\/wp-content\/uploads\/2025\/04\/E08A6386-3-768x1152.jpg 768w, https:\/\/www.hotel-valthorens.com\/wp-content\/uploads\/2025\/04\/E08A6386-3-1024x1536.jpg 1024w\" sizes=\"(max-width: 1707px) 100vw, 1707px\" \/><\/figure><div class=\"elementor-image-box-content\"><h3 class=\"elementor-image-box-title\">Notre Restaurant<\/h3><p class=\"elementor-image-box-description\"><span>Chaque soir nous vous proposons un menu unique et fait maison<\/span><span style=\"font-weight: 700\">.<\/span><span> Il se compose de 5 plats (potage, entr\u00e9e, plat principal ainsi qu\u2019un buffet pour le fromage et le dessert).<\/span><span> <\/span><\/p><\/div><\/div>\t\t\t\t<\/div>\n\t\t\t\t<\/div>\n\t\t\t\t\t<\/div>\n\t\t\t\t<\/div>\n\t\t<div class=\"elementor-element elementor-element-46dc2fa e-flex e-con-boxed e-con e-parent\" data-id=\"46dc2fa\" data-element_type=\"container\">\n\t\t\t\t\t<div class=\"e-con-inner\">\n\t\t<div class=\"elementor-element elementor-element-09c4e36 e-con-full e-flex e-con e-child\" data-id=\"09c4e36\" data-element_type=\"container\">\n\t\t\t\t<div class=\"elementor-element elementor-element-eaf81dd elementor-widget elementor-widget-heading\" data-id=\"eaf81dd\" data-element_type=\"widget\" data-widget_type=\"heading.default\">\n\t\t\t\t<div class=\"elementor-widget-container\">\n\t\t\t\t\t<h2 class=\"elementor-heading-title elementor-size-default\">Nos services<\/h2>\t\t\t\t<\/div>\n\t\t\t\t<\/div>\n\t\t\t\t<div class=\"elementor-element elementor-element-5e23865 elementor-widget elementor-widget-text-editor\" data-id=\"5e23865\" data-element_type=\"widget\" data-widget_type=\"text-editor.default\">\n\t\t\t\t<div class=\"elementor-widget-container\">\n\t\t\t\t\t\t\t\t\t<p><span style=\"color: var( --e-global-color-text ); font-weight: var( --e-global-typography-text-font-weight ); text-align: var(--text-align);\">Que ce soit pour partager un repas en famille dans notre restaurant ou bien pour s&rsquo;asseoir entre amis autour d&rsquo;un verre au bar, nous nous ferons un plaisir de vous servir.<\/span><\/p><p><span style=\"color: var( --e-global-color-text ); font-weight: var( --e-global-typography-text-font-weight ); text-align: var(--text-align);\">Nos salons et terrasses sont parfaits pour passer des moments conviviaux avec vos proches.<\/span><\/p>\t\t\t\t\t\t\t\t<\/div>\n\t\t\t\t<\/div>\n\t\t\t\t<\/div>\n\t\t<div class=\"elementor-element elementor-element-789c6a6 e-con-full e-flex e-con e-child\" data-id=\"789c6a6\" data-element_type=\"container\">\n\t\t\t\t<div class=\"elementor-element elementor-element-d2129e1 elementor-widget__width-initial elementor-widget elementor-widget-image\" data-id=\"d2129e1\" data-element_type=\"widget\" data-widget_type=\"image.default\">\n\t\t\t\t<div class=\"elementor-widget-container\">\n\t\t\t\t\t\t\t\t\t\t\t\t\t\t\t<img decoding=\"async\" width=\"1024\" height=\"1536\" src=\"https:\/\/www.hotel-valthorens.com\/wp-content\/uploads\/2025\/04\/1P3A7347-1-1024x1536.jpg\" class=\"attachment-1536x1536 size-1536x1536 wp-image-26719\" alt=\"\" srcset=\"https:\/\/www.hotel-valthorens.com\/wp-content\/uploads\/2025\/04\/1P3A7347-1-1024x1536.jpg 1024w, https:\/\/www.hotel-valthorens.com\/wp-content\/uploads\/2025\/04\/1P3A7347-1-768x1152.jpg 768w, https:\/\/www.hotel-valthorens.com\/wp-content\/uploads\/2025\/04\/1P3A7347-1-1365x2048.jpg 1365w, https:\/\/www.hotel-valthorens.com\/wp-content\/uploads\/2025\/04\/1P3A7347-1-scaled.jpg 1707w\" sizes=\"(max-width: 1024px) 100vw, 1024px\" \/>\t\t\t\t\t\t\t\t\t\t\t\t\t\t\t<\/div>\n\t\t\t\t<\/div>\n\t\t\t\t<\/div>\n\t\t<div class=\"elementor-element elementor-element-ed82b73 e-con-full e-flex e-con e-child\" data-id=\"ed82b73\" data-element_type=\"container\">\n\t\t\t\t<div class=\"elementor-element elementor-element-12971d7 elementor-widget elementor-widget-image\" data-id=\"12971d7\" data-element_type=\"widget\" data-widget_type=\"image.default\">\n\t\t\t\t<div class=\"elementor-widget-container\">\n\t\t\t\t\t\t\t\t\t\t\t\t\t\t\t<img decoding=\"async\" width=\"1024\" height=\"1536\" src=\"https:\/\/www.hotel-valthorens.com\/wp-content\/uploads\/2025\/04\/E08A3655-scaled-e1745166626484-1024x1536.jpg\" class=\"attachment-1536x1536 size-1536x1536 wp-image-26623\" alt=\"\" srcset=\"https:\/\/www.hotel-valthorens.com\/wp-content\/uploads\/2025\/04\/E08A3655-scaled-e1745166626484-1024x1536.jpg 1024w, https:\/\/www.hotel-valthorens.com\/wp-content\/uploads\/2025\/04\/E08A3655-scaled-e1745166626484-768x1152.jpg 768w, https:\/\/www.hotel-valthorens.com\/wp-content\/uploads\/2025\/04\/E08A3655-scaled-e1745166626484-1366x2048.jpg 1366w, https:\/\/www.hotel-valthorens.com\/wp-content\/uploads\/2025\/04\/E08A3655-scaled-e1745166626484.jpg 1707w\" sizes=\"(max-width: 1024px) 100vw, 1024px\" \/>\t\t\t\t\t\t\t\t\t\t\t\t\t\t\t<\/div>\n\t\t\t\t<\/div>\n\t\t\t\t<\/div>\n\t\t<div class=\"elementor-element elementor-element-96c83e0 e-con-full e-flex e-con e-child\" data-id=\"96c83e0\" data-element_type=\"container\">\n\t\t\t\t<div class=\"elementor-element elementor-element-6a5bce9 elementor-widget elementor-widget-image\" data-id=\"6a5bce9\" data-element_type=\"widget\" data-widget_type=\"image.default\">\n\t\t\t\t<div class=\"elementor-widget-container\">\n\t\t\t\t\t\t\t\t\t\t\t\t\t\t\t<img loading=\"lazy\" decoding=\"async\" width=\"400\" height=\"600\" src=\"https:\/\/www.hotel-valthorens.com\/wp-content\/uploads\/2024\/02\/bar-du-restaurant-val-thorens.png\" class=\"attachment-large size-large wp-image-26380\" alt=\"bar du restaurant val thorens\" \/>\t\t\t\t\t\t\t\t\t\t\t\t\t\t\t<\/div>\n\t\t\t\t<\/div>\n\t\t\t\t<\/div>\n\t\t\t\t\t<\/div>\n\t\t\t\t<\/div>\n\t\t<div class=\"elementor-element elementor-element-26ad601 e-flex e-con-boxed e-con e-parent\" data-id=\"26ad601\" data-element_type=\"container\">\n\t\t\t\t\t<div class=\"e-con-inner\">\n\t\t<div class=\"elementor-element elementor-element-ac7ae39 e-con-full e-flex e-con e-child\" data-id=\"ac7ae39\" data-element_type=\"container\">\n\t\t\t\t<div class=\"elementor-element elementor-element-8d7f907 elementor-widget__width-initial elementor-widget elementor-widget-image\" data-id=\"8d7f907\" data-element_type=\"widget\" data-widget_type=\"image.default\">\n\t\t\t\t<div class=\"elementor-widget-container\">\n\t\t\t\t\t\t\t\t\t\t\t\t\t\t\t<img loading=\"lazy\" decoding=\"async\" width=\"1080\" height=\"694\" src=\"https:\/\/www.hotel-valthorens.com\/wp-content\/uploads\/2023\/12\/val-tho-2-1080-1080x694.png\" class=\"attachment-large size-large wp-image-25803\" alt=\"val tho 2 1080\" \/>\t\t\t\t\t\t\t\t\t\t\t\t\t\t\t<\/div>\n\t\t\t\t<\/div>\n\t\t\t\t<\/div>\n\t\t<div class=\"elementor-element elementor-element-f4a5a2f e-con-full e-flex e-con e-child\" data-id=\"f4a5a2f\" data-element_type=\"container\">\n\t\t\t\t<div class=\"elementor-element elementor-element-6723d2f elementor-widget__width-initial elementor-widget elementor-widget-heading\" data-id=\"6723d2f\" data-element_type=\"widget\" data-widget_type=\"heading.default\">\n\t\t\t\t<div class=\"elementor-widget-container\">\n\t\t\t\t\t<h2 class=\"elementor-heading-title elementor-size-default\">D\u00e9couvrez Val Thorens<\/h2>\t\t\t\t<\/div>\n\t\t\t\t<\/div>\n\t\t\t\t<div class=\"elementor-element elementor-element-32bdada elementor-widget elementor-widget-text-editor\" data-id=\"32bdada\" data-element_type=\"widget\" data-widget_type=\"text-editor.default\">\n\t\t\t\t<div class=\"elementor-widget-container\">\n\t\t\t\t\t\t\t\t\t<p>Nich\u00e9e au c\u0153ur des Alpes, Val Thorens est la plus haute station d\u2019Europe, offrant un panorama exceptionnel et une ambiance \u00e0 la fois sportive et conviviale.<\/p><p>\u00c9t\u00e9 comme hiver, laissez-vous s\u00e9duire par ses paysages grandioses, son domaine skiable incomparable au sein des 3 Vall\u00e9es \u2013 le plus grand domaine skiable du monde \u2013 et son atmosph\u00e8re unique. Que vous soyez amateur de glisse, de randonn\u00e9es ou simplement en qu\u00eate de d\u00e9connexion, Val Thorens est une invitation \u00e0 l\u2019\u00e9vasion.<\/p>\t\t\t\t\t\t\t\t<\/div>\n\t\t\t\t<\/div>\n\t\t\t\t<\/div>\n\t\t\t\t\t<\/div>\n\t\t\t\t<\/div>\n\t\t<div class=\"elementor-element elementor-element-b5c9521 e-flex e-con-boxed e-con e-parent\" data-id=\"b5c9521\" data-element_type=\"container\">\n\t\t\t\t\t<div class=\"e-con-inner\">\n\t\t<div class=\"elementor-element elementor-element-e7c7e72 e-con-full e-flex e-con e-child\" data-id=\"e7c7e72\" data-element_type=\"container\">\n\t\t\t\t<div class=\"elementor-element elementor-element-d2f6962 elementor-widget elementor-widget-heading\" data-id=\"d2f6962\" data-element_type=\"widget\" data-widget_type=\"heading.default\">\n\t\t\t\t<div class=\"elementor-widget-container\">\n\t\t\t\t\t<h2 class=\"elementor-heading-title elementor-size-default\">Venir \u00e0 l'h\u00f4tel<\/h2>\t\t\t\t<\/div>\n\t\t\t\t<\/div>\n\t\t\t\t<div class=\"elementor-element elementor-element-9bf3836 elementor-widget elementor-widget-text-editor\" data-id=\"9bf3836\" data-element_type=\"widget\" data-widget_type=\"text-editor.default\">\n\t\t\t\t<div class=\"elementor-widget-container\">\n\t\t\t\t\t\t\t\t\t<p style=\"text-align: left;\"><strong>En avion:<\/strong><\/p><p style=\"text-align: left;\">Les a\u00e9roports les plus proches sont:<\/p><ul><li>Chamb\u00e9ry: environ 2 heures de route<\/li><li>Lyon: environ 3 heures de route\u00a0<\/li><li>Gen\u00e8ve: environ 3 heures et demi de route<\/li><\/ul><p><span style=\"white-space-collapse: preserve;\"><b>En train:<\/b><br \/>La gare SNCF la plus proche est la gare de Moutiers-Salin-Brides-Les-Bains (\u00e0 environ 40 km).<\/span><\/p><p><span style=\"white-space-collapse: preserve;\">Ensuite pour rejoindre Val Thorens, vous pouvez prendre u<\/span>n bus \u00e0 r\u00e9server sur le site <span style=\"white-space-collapse: preserve;\">www.altibus.com<\/span><\/p><p><span style=\"white-space-collapse: preserve;\"><b>En taxi:<\/b><\/span><\/p><p><span style=\"white-space-collapse: preserve;\">Environ 120\u20ac par trajet depuis Moutiers<\/span><\/p>\t\t\t\t\t\t\t\t<\/div>\n\t\t\t\t<\/div>\n\t\t\t\t<\/div>\n\t\t<div class=\"elementor-element elementor-element-3941911 e-con-full e-flex e-con e-child\" data-id=\"3941911\" data-element_type=\"container\">\n\t\t\t\t<div class=\"elementor-element elementor-element-0a6faeb elementor-widget__width-initial elementor-widget elementor-widget-google_maps\" data-id=\"0a6faeb\" data-element_type=\"widget\" data-widget_type=\"google_maps.default\">\n\t\t\t\t<div class=\"elementor-widget-container\">\n\t\t\t\t\t\t\t<div class=\"elementor-custom-embed\">\n\t\t\t<iframe loading=\"lazy\"\n\t\t\t\t\tsrc=\"https:\/\/maps.google.com\/maps?q=Rue%20de%20la%20Lombarde%20Saint-Martin-Belleville%2073440%20Val%20Thorens&#038;t=m&#038;z=14&#038;output=embed&#038;iwloc=near\"\n\t\t\t\t\ttitle=\"Rue de la Lombarde Saint-Martin-Belleville 73440 Val Thorens\"\n\t\t\t\t\taria-label=\"Rue de la Lombarde Saint-Martin-Belleville 73440 Val Thorens\"\n\t\t\t><\/iframe>\n\t\t<\/div>\n\t\t\t\t\t\t<\/div>\n\t\t\t\t<\/div>\n\t\t\t\t<\/div>\n\t\t\t\t\t<\/div>\n\t\t\t\t<\/div>\n\t\t<div class=\"elementor-element elementor-element-4d12ef7 e-flex e-con-boxed e-con e-parent\" data-id=\"4d12ef7\" data-element_type=\"container\">\n\t\t\t\t\t<div class=\"e-con-inner\">\n\t\t\t\t<div class=\"elementor-element elementor-element-efb0f28 elementor-widget elementor-widget-text-editor\" data-id=\"efb0f28\" data-element_type=\"widget\" data-widget_type=\"text-editor.default\">\n\t\t\t\t<div class=\"elementor-widget-container\">\n\t\t\t\t\t\t\t\t\t<p>Notre h\u00f4tel ayant \u00e9t\u00e9 construit en 1972, sa structure (largeur de notre ascenseur et des portes dans les chambres, pr\u00e9sence de marches au niveau de l&rsquo;accueil, du bar, de la salle de restaurant, des acc\u00e8s aux terrasses et au local \u00e0 ski) ne nous permet malheureusement pas d&rsquo;accueillir des personnes en fauteuil roulant.<\/p>\t\t\t\t\t\t\t\t<\/div>\n\t\t\t\t<\/div>\n\t\t\t\t\t<\/div>\n\t\t\t\t<\/div>\n\t\t\t\t<\/div>\n\t\t","protected":false},"excerpt":{"rendered":"<p>https:\/\/www.hotel-valthorens.com\/wp-content\/uploads\/2025\/04\/video-output-69F2FE46-EAC8-42BE-B6E1-58FC0F1FF8F6-1.mov Bienvenue ! Enfilez vos skis directement depuis notre h\u00f4tel et commencez la journ\u00e9e sur les pistes. Acc\u00e9dez directement au plus grand domaine skiable du monde \u2013 Les 3 Vall\u00e9es. Glissez toute la journ\u00e9e et rentrez tranquillement chez vous au coucher du soleil. Notre H\u00f4tel Nous proposons 48 chambres au pied des pistes de ski<\/p>\n","protected":false},"author":1,"featured_media":0,"parent":0,"menu_order":0,"comment_status":"closed","ping_status":"closed","template":"elementor_header_footer","meta":{"footnotes":""},"class_list":["post-21536","page","type-page","status-publish","hentry"],"_links":{"self":[{"href":"https:\/\/www.hotel-valthorens.com\/index.php\/wp-json\/wp\/v2\/pages\/21536","targetHints":{"allow":["GET"]}}],"collection":[{"href":"https:\/\/www.hotel-valthorens.com\/index.php\/wp-json\/wp\/v2\/pages"}],"about":[{"href":"https:\/\/www.hotel-valthorens.com\/index.php\/wp-json\/wp\/v2\/types\/page"}],"author":[{"embeddable":true,"href":"https:\/\/www.hotel-valthorens.com\/index.php\/wp-json\/wp\/v2\/users\/1"}],"replies":[{"embeddable":true,"href":"https:\/\/www.hotel-valthorens.com\/index.php\/wp-json\/wp\/v2\/comments?post=21536"}],"version-history":[{"count":240,"href":"https:\/\/www.hotel-valthorens.com\/index.php\/wp-json\/wp\/v2\/pages\/21536\/revisions"}],"predecessor-version":[{"id":27175,"href":"https:\/\/www.hotel-valthorens.com\/index.php\/wp-json\/wp\/v2\/pages\/21536\/revisions\/27175"}],"wp:attachment":[{"href":"https:\/\/www.hotel-valthorens.com\/index.php\/wp-json\/wp\/v2\/media?parent=21536"}],"curies":[{"name":"wp","href":"https:\/\/api.w.org\/{rel}","templated":true}]}}